{"id":53,"date":"2016-10-14T23:40:20","date_gmt":"2016-10-14T16:40:20","guid":{"rendered":"http:\/\/sotaynauan.com\/shop\/?post_type=product&#038;p=53"},"modified":"2025-04-12T19:04:10","modified_gmt":"2025-04-12T12:04:10","slug":"crawfish-dang-nuoc-louisiana-liquid-crawfish-boil-237ml","status":"publish","type":"product","link":"https:\/\/sotaynauan.com\/shop\/product\/crawfish-dang-nuoc-louisiana-liquid-crawfish-boil-237ml\/","title":{"rendered":"Crawfish d\u1ea1ng n\u01b0\u1edbc 237ml (D\u1ea7u cay) &#8211; Size nh\u1ecf"},"content":{"rendered":"<p><strong>Xu\u1ea5t x\u1ee9:<\/strong> USA (M\u1ef9)<br \/>\n<strong>Quy c\u00e1ch:<\/strong> chai 237ml<\/p>\n<p>Lu\u1ed9c h\u1ea3i s\u1ea3n v\u1edbi kh\u1ea9u v\u1ecb ri\u00eang c\u1ee7a b\u1ea1n v\u1edbi gia v\u1ecb t\u1eadp trung ch\u1ee7 y\u1ebfu trong n\u01b0\u1edbc lu\u1ed9c n\u00e0y<\/p>\n<h2>* Th\u00e0nh ph\u1ea7n:<\/h2>\n<p>&#8211; N\u01b0\u1edbc<br \/>\n&#8211; Polysorbate 80<br \/>\n&#8211; Gia v\u1ecb khai kho\u00e1ng<br \/>\n&#8211; N\u01b0\u1edbc c\u1ea5t Paprika<br \/>\n&#8211; Sodium benzoate<br \/>\n&#8211; Kali sorbate<\/p>\n<h2>* H\u01b0\u1edbng d\u1eabn:<\/h2>\n<blockquote class=\"wp-embedded-content\" data-secret=\"xEJxYX4pNY\"><p><a href=\"https:\/\/sotaynauan.com\/shop\/cach-lam-crawfish-sot-bo-toi-ngon-kho-cuong-ca-nha-deu\/\">C\u00e1ch l\u00e0m Crawfish s\u1ed1t b\u01a1 t\u1ecfi ngon kh\u00f3 c\u01b0\u1ee1ng c\u1ea3 nh\u00e0 \u0111\u1ec1u m\u00ea<\/a><\/p><\/blockquote>\n<p><iframe class=\"wp-embedded-content\" sandbox=\"allow-scripts\" security=\"restricted\" style=\"position: absolute; clip: rect(1px, 1px, 1px, 1px);\" src=\"https:\/\/sotaynauan.com\/shop\/cach-lam-crawfish-sot-bo-toi-ngon-kho-cuong-ca-nha-deu\/embed\/#?secret=xEJxYX4pNY\" data-secret=\"xEJxYX4pNY\" width=\"600\" height=\"338\" title=\"&#8220;C\u00e1ch l\u00e0m Crawfish s\u1ed1t b\u01a1 t\u1ecfi ngon kh\u00f3 c\u01b0\u1ee1ng c\u1ea3 nh\u00e0 \u0111\u1ec1u m\u00ea&#8221; &#8212; Shop SoTayNauAn\" frameborder=\"0\" marginwidth=\"0\" marginheight=\"0\" scrolling=\"no\"><\/iframe><\/p>\n<blockquote class=\"wp-embedded-content\" data-secret=\"hbV8uchIpH\"><p><a href=\"https:\/\/sotaynauan.com\/shop\/cach-nau-tom-hum-dat-crawfish-don-gian-cuc-ngon-tai-nha\/\">C\u00c1CH N\u1ea4U T\u00d4M H\u00d9M \u0110\u1ea4T CRAWFISH \u0110\u01a0N GI\u1ea2N C\u1ef0C NGON T\u1ea0I NH\u00c0<\/a><\/p><\/blockquote>\n<p><iframe class=\"wp-embedded-content\" sandbox=\"allow-scripts\" security=\"restricted\" style=\"position: absolute; clip: rect(1px, 1px, 1px, 1px);\" src=\"https:\/\/sotaynauan.com\/shop\/cach-nau-tom-hum-dat-crawfish-don-gian-cuc-ngon-tai-nha\/embed\/#?secret=hbV8uchIpH\" data-secret=\"hbV8uchIpH\" width=\"600\" height=\"338\" title=\"&#8220;C\u00c1CH N\u1ea4U T\u00d4M H\u00d9M \u0110\u1ea4T CRAWFISH \u0110\u01a0N GI\u1ea2N C\u1ef0C NGON T\u1ea0I NH\u00c0&#8221; &#8212; Shop SoTayNauAn\" frameborder=\"0\" marginwidth=\"0\" marginheight=\"0\" scrolling=\"no\"><\/iframe><\/p>\n","protected":false},"excerpt":{"rendered":"<p>Crawfish d\u1ea1ng n\u01b0\u1edbc d\u00f9ng n\u00eam n\u1ebfm n\u01b0\u1edbc lu\u1ed9c h\u1ea3i s\u1ea3n v\u1edbi kh\u1ea9u v\u1ecb ri\u00eang c\u1ee7a b\u1ea1n. Gia v\u1ecb chuy\u00ean d\u00f9ng cho m\u00f3n t\u00f4m crawfish.<\/p>\n","protected":false},"featured_media":54,"comment_status":"open","ping_status":"closed","template":"","meta":[],"product_cat":[12],"product_tag":[],"yoast_head":"<!-- This site is optimized with the Yoast SEO plugin v20.13 - https:\/\/yoast.com\/wordpress\/plugins\/seo\/ -->\n<title>Crawfish d\u1ea1ng n\u01b0\u1edbc - Louisiana liquid crawfish boil<\/title>\n<meta name=\"description\" content=\"S\u1ea3n ph\u1ea9m Crawfish d\u1ea1ng n\u01b0\u1edbc ch\u00ednh h\u00e3ng \u0111\u01b0\u1ee3c nh\u1eadp kh\u1ea9u t\u1eeb M\u1ef9, d\u00f9ng \u0111\u1ec3 n\u00eam n\u1ebfm n\u01b0\u1edbc lu\u1ed9c h\u1ea3i s\u1ea3n theo kh\u1ea9u v\u1ecb c\u1ee7a b\u1ea1n, gi\u00e1 ch\u1ec9 133k, giao h\u00e0ng to\u00e0n qu\u1ed1c.\" \/>\n<meta name=\"robots\" content=\"index, follow, max-snippet:-1, max-image-preview:large, max-video-preview:-1\" \/>\n<link rel=\"canonical\" href=\"https:\/\/sotaynauan.com\/shop\/product\/crawfish-dang-nuoc-louisiana-liquid-crawfish-boil-237ml\/\" \/>\n<meta property=\"og:locale\" content=\"en_US\" \/>\n<meta property=\"og:type\" content=\"article\" \/>\n<meta property=\"og:title\" content=\"Crawfish d\u1ea1ng n\u01b0\u1edbc - Louisiana liquid crawfish boil\" \/>\n<meta property=\"og:description\" content=\"S\u1ea3n ph\u1ea9m Crawfish d\u1ea1ng n\u01b0\u1edbc ch\u00ednh h\u00e3ng \u0111\u01b0\u1ee3c nh\u1eadp kh\u1ea9u t\u1eeb M\u1ef9, d\u00f9ng \u0111\u1ec3 n\u00eam n\u1ebfm n\u01b0\u1edbc lu\u1ed9c h\u1ea3i s\u1ea3n theo kh\u1ea9u v\u1ecb c\u1ee7a b\u1ea1n, gi\u00e1 ch\u1ec9 133k, giao h\u00e0ng to\u00e0n qu\u1ed1c.\" \/>\n<meta property=\"og:url\" content=\"https:\/\/sotaynauan.com\/shop\/product\/crawfish-dang-nuoc-louisiana-liquid-crawfish-boil-237ml\/\" \/>\n<meta property=\"og:site_name\" content=\"Shop SoTayNauAn\" \/>\n<meta property=\"article:publisher\" content=\"https:\/\/www.facebook.com\/sotaynauan.club\" \/>\n<meta property=\"article:modified_time\" content=\"2025-04-12T12:04:10+00:00\" \/>\n<meta property=\"og:image\" content=\"https:\/\/sotaynauan.com\/shop\/wp-content\/uploads\/2016\/10\/gia-vi-luoc-tom-louisiana-gia-vi-dac-trung.jpg\" \/>\n\t<meta property=\"og:image:width\" content=\"500\" \/>\n\t<meta property=\"og:image:height\" content=\"500\" \/>\n\t<meta property=\"og:image:type\" content=\"image\/jpeg\" \/>\n<meta name=\"twitter:card\" content=\"summary_large_image\" \/>\n<meta name=\"twitter:site\" content=\"@sotaynauan\" \/>\n<script type=\"application\/ld+json\" class=\"yoast-schema-graph\">{\"@context\":\"https:\/\/schema.org\",\"@graph\":[{\"@type\":\"WebPage\",\"@id\":\"https:\/\/sotaynauan.com\/shop\/product\/crawfish-dang-nuoc-louisiana-liquid-crawfish-boil-237ml\/\",\"url\":\"https:\/\/sotaynauan.com\/shop\/product\/crawfish-dang-nuoc-louisiana-liquid-crawfish-boil-237ml\/\",\"name\":\"Crawfish d\u1ea1ng n\u01b0\u1edbc - Louisiana liquid crawfish boil\",\"isPartOf\":{\"@id\":\"https:\/\/sotaynauan.com\/shop\/#website\"},\"datePublished\":\"2016-10-14T16:40:20+00:00\",\"dateModified\":\"2025-04-12T12:04:10+00:00\",\"description\":\"S\u1ea3n ph\u1ea9m Crawfish d\u1ea1ng n\u01b0\u1edbc ch\u00ednh h\u00e3ng \u0111\u01b0\u1ee3c nh\u1eadp kh\u1ea9u t\u1eeb M\u1ef9, d\u00f9ng \u0111\u1ec3 n\u00eam n\u1ebfm n\u01b0\u1edbc lu\u1ed9c h\u1ea3i s\u1ea3n theo kh\u1ea9u v\u1ecb c\u1ee7a b\u1ea1n, gi\u00e1 ch\u1ec9 133k, giao h\u00e0ng to\u00e0n qu\u1ed1c.\",\"breadcrumb\":{\"@id\":\"https:\/\/sotaynauan.com\/shop\/product\/crawfish-dang-nuoc-louisiana-liquid-crawfish-boil-237ml\/#breadcrumb\"},\"inLanguage\":\"en-US\",\"potentialAction\":[{\"@type\":\"ReadAction\",\"target\":[\"https:\/\/sotaynauan.com\/shop\/product\/crawfish-dang-nuoc-louisiana-liquid-crawfish-boil-237ml\/\"]}]},{\"@type\":\"BreadcrumbList\",\"@id\":\"https:\/\/sotaynauan.com\/shop\/product\/crawfish-dang-nuoc-louisiana-liquid-crawfish-boil-237ml\/#breadcrumb\",\"itemListElement\":[{\"@type\":\"ListItem\",\"position\":1,\"name\":\"Home\",\"item\":\"https:\/\/sotaynauan.com\/shop\/\"},{\"@type\":\"ListItem\",\"position\":2,\"name\":\"Products\",\"item\":\"https:\/\/sotaynauan.com\/shop\/shop\/\"},{\"@type\":\"ListItem\",\"position\":3,\"name\":\"Crawfish d\u1ea1ng n\u01b0\u1edbc 237ml (D\u1ea7u cay) &#8211; Size nh\u1ecf\"}]},{\"@type\":\"WebSite\",\"@id\":\"https:\/\/sotaynauan.com\/shop\/#website\",\"url\":\"https:\/\/sotaynauan.com\/shop\/\",\"name\":\"Shop SoTayNauAn\",\"description\":\"Nguy\u00ean li\u1ec7u, d\u1ee5ng c\u1ee5 n\u1ea5u \u0103n, \u0111\u1ed3 l\u00e0m b\u1ebfp\",\"potentialAction\":[{\"@type\":\"SearchAction\",\"target\":{\"@type\":\"EntryPoint\",\"urlTemplate\":\"https:\/\/sotaynauan.com\/shop\/?s={search_term_string}\"},\"query-input\":\"required name=search_term_string\"}],\"inLanguage\":\"en-US\"}]}<\/script>\n<!-- \/ Yoast SEO plugin. -->","yoast_head_json":{"title":"Crawfish d\u1ea1ng n\u01b0\u1edbc - Louisiana liquid crawfish boil","description":"S\u1ea3n ph\u1ea9m Crawfish d\u1ea1ng n\u01b0\u1edbc ch\u00ednh h\u00e3ng \u0111\u01b0\u1ee3c nh\u1eadp kh\u1ea9u t\u1eeb M\u1ef9, d\u00f9ng \u0111\u1ec3 n\u00eam n\u1ebfm n\u01b0\u1edbc lu\u1ed9c h\u1ea3i s\u1ea3n theo kh\u1ea9u v\u1ecb c\u1ee7a b\u1ea1n, gi\u00e1 ch\u1ec9 133k, giao h\u00e0ng to\u00e0n qu\u1ed1c.","robots":{"index":"index","follow":"follow","max-snippet":"max-snippet:-1","max-image-preview":"max-image-preview:large","max-video-preview":"max-video-preview:-1"},"canonical":"https:\/\/sotaynauan.com\/shop\/product\/crawfish-dang-nuoc-louisiana-liquid-crawfish-boil-237ml\/","og_locale":"en_US","og_type":"article","og_title":"Crawfish d\u1ea1ng n\u01b0\u1edbc - Louisiana liquid crawfish boil","og_description":"S\u1ea3n ph\u1ea9m Crawfish d\u1ea1ng n\u01b0\u1edbc ch\u00ednh h\u00e3ng \u0111\u01b0\u1ee3c nh\u1eadp kh\u1ea9u t\u1eeb M\u1ef9, d\u00f9ng \u0111\u1ec3 n\u00eam n\u1ebfm n\u01b0\u1edbc lu\u1ed9c h\u1ea3i s\u1ea3n theo kh\u1ea9u v\u1ecb c\u1ee7a b\u1ea1n, gi\u00e1 ch\u1ec9 133k, giao h\u00e0ng to\u00e0n qu\u1ed1c.","og_url":"https:\/\/sotaynauan.com\/shop\/product\/crawfish-dang-nuoc-louisiana-liquid-crawfish-boil-237ml\/","og_site_name":"Shop SoTayNauAn","article_publisher":"https:\/\/www.facebook.com\/sotaynauan.club","article_modified_time":"2025-04-12T12:04:10+00:00","og_image":[{"width":500,"height":500,"url":"https:\/\/sotaynauan.com\/shop\/wp-content\/uploads\/2016\/10\/gia-vi-luoc-tom-louisiana-gia-vi-dac-trung.jpg","type":"image\/jpeg"}],"twitter_card":"summary_large_image","twitter_site":"@sotaynauan","schema":{"@context":"https:\/\/schema.org","@graph":[{"@type":"WebPage","@id":"https:\/\/sotaynauan.com\/shop\/product\/crawfish-dang-nuoc-louisiana-liquid-crawfish-boil-237ml\/","url":"https:\/\/sotaynauan.com\/shop\/product\/crawfish-dang-nuoc-louisiana-liquid-crawfish-boil-237ml\/","name":"Crawfish d\u1ea1ng n\u01b0\u1edbc - Louisiana liquid crawfish boil","isPartOf":{"@id":"https:\/\/sotaynauan.com\/shop\/#website"},"datePublished":"2016-10-14T16:40:20+00:00","dateModified":"2025-04-12T12:04:10+00:00","description":"S\u1ea3n ph\u1ea9m Crawfish d\u1ea1ng n\u01b0\u1edbc ch\u00ednh h\u00e3ng \u0111\u01b0\u1ee3c nh\u1eadp kh\u1ea9u t\u1eeb M\u1ef9, d\u00f9ng \u0111\u1ec3 n\u00eam n\u1ebfm n\u01b0\u1edbc lu\u1ed9c h\u1ea3i s\u1ea3n theo kh\u1ea9u v\u1ecb c\u1ee7a b\u1ea1n, gi\u00e1 ch\u1ec9 133k, giao h\u00e0ng to\u00e0n qu\u1ed1c.","breadcrumb":{"@id":"https:\/\/sotaynauan.com\/shop\/product\/crawfish-dang-nuoc-louisiana-liquid-crawfish-boil-237ml\/#breadcrumb"},"inLanguage":"en-US","potentialAction":[{"@type":"ReadAction","target":["https:\/\/sotaynauan.com\/shop\/product\/crawfish-dang-nuoc-louisiana-liquid-crawfish-boil-237ml\/"]}]},{"@type":"BreadcrumbList","@id":"https:\/\/sotaynauan.com\/shop\/product\/crawfish-dang-nuoc-louisiana-liquid-crawfish-boil-237ml\/#breadcrumb","itemListElement":[{"@type":"ListItem","position":1,"name":"Home","item":"https:\/\/sotaynauan.com\/shop\/"},{"@type":"ListItem","position":2,"name":"Products","item":"https:\/\/sotaynauan.com\/shop\/shop\/"},{"@type":"ListItem","position":3,"name":"Crawfish d\u1ea1ng n\u01b0\u1edbc 237ml (D\u1ea7u cay) &#8211; Size nh\u1ecf"}]},{"@type":"WebSite","@id":"https:\/\/sotaynauan.com\/shop\/#website","url":"https:\/\/sotaynauan.com\/shop\/","name":"Shop SoTayNauAn","description":"Nguy\u00ean li\u1ec7u, d\u1ee5ng c\u1ee5 n\u1ea5u \u0103n, \u0111\u1ed3 l\u00e0m b\u1ebfp","potentialAction":[{"@type":"SearchAction","target":{"@type":"EntryPoint","urlTemplate":"https:\/\/sotaynauan.com\/shop\/?s={search_term_string}"},"query-input":"required name=search_term_string"}],"inLanguage":"en-US"}]}},"_links":{"self":[{"href":"https:\/\/sotaynauan.com\/shop\/wp-json\/wp\/v2\/product\/53"}],"collection":[{"href":"https:\/\/sotaynauan.com\/shop\/wp-json\/wp\/v2\/product"}],"about":[{"href":"https:\/\/sotaynauan.com\/shop\/wp-json\/wp\/v2\/types\/product"}],"replies":[{"embeddable":true,"href":"https:\/\/sotaynauan.com\/shop\/wp-json\/wp\/v2\/comments?post=53"}],"wp:featuredmedia":[{"embeddable":true,"href":"https:\/\/sotaynauan.com\/shop\/wp-json\/wp\/v2\/media\/54"}],"wp:attachment":[{"href":"https:\/\/sotaynauan.com\/shop\/wp-json\/wp\/v2\/media?parent=53"}],"wp:term":[{"taxonomy":"product_cat","embeddable":true,"href":"https:\/\/sotaynauan.com\/shop\/wp-json\/wp\/v2\/product_cat?post=53"},{"taxonomy":"product_tag","embeddable":true,"href":"https:\/\/sotaynauan.com\/shop\/wp-json\/wp\/v2\/product_tag?post=53"}],"curies":[{"name":"wp","href":"https:\/\/api.w.org\/{rel}","templated":true}]}}