{"id":50,"date":"2016-10-14T23:34:04","date_gmt":"2016-10-14T16:34:04","guid":{"rendered":"http:\/\/sotaynauan.com\/shop\/?post_type=product&#038;p=50"},"modified":"2020-07-15T12:51:46","modified_gmt":"2020-07-15T05:51:46","slug":"bot-tom-hum-dat-crawfish-pour-boil-powder-454gr","status":"publish","type":"product","link":"https:\/\/sotaynauan.com\/shop\/product\/bot-tom-hum-dat-crawfish-pour-boil-powder-454gr\/","title":{"rendered":"B\u1ed9t T\u00f4m H\u00f9m \u0110\u1ea5t Crawfish 450gr &#8211; Size l\u1edbn"},"content":{"rendered":"<p>B\u1ed8T T\u00d4M H\u00d9M \u0110\u1ea4T CRAWFISH \u2013 POUR &amp; BOIL POWDER<br \/>\n(LOUISIANA FISH FRY PRODUCTS CRAWFISH, CRAB AND SHRIMP BOIL)<\/p>\n<p><strong>Xu\u1ea5t x\u1ee9:<\/strong> USA (M\u1ef9)<br \/>\n<strong>Quy c\u00e1ch:<\/strong> b\u1ecbch 454gr<\/p>\n<p>&#8211; D\u00f9ng \u0111\u1ec3 lu\u1ed9c, h\u1ea5p ho\u1eb7c n\u1ea5u l\u1ea9u h\u1ea3i s\u1ea3n.<\/p>\n<h2>* Th\u00e0nh ph\u1ea7n dinh d\u01b0\u1ee1ng v\u00e0 gia v\u1ecb trong b\u1ed9t:<\/h2>\n<p>\u2013 T\u1ed5ng ch\u1ea5t b\u00e9o: 0%<br \/>\n\u2013 T\u1ed5ng Cholesterol: 0%<br \/>\n\u2013 T\u1ed5ng Natri: 11%<br \/>\n\u2013 T\u1ed5ng Carbs: 0%<br \/>\n\u2013 T\u1ed5ng \u0110\u01b0\u1eddng: 0%<br \/>\n\u2013 T\u1ed5ng Protein:0%<br \/>\n\u2013 Mu\u1ed1i, gia v\u1ecb, \u0111\u01b0\u1eddng nho, \u1edbt c\u1ef1a g\u00e0, h\u00e0nh t\u00e2y, t\u1ecfi, h\u01b0\u01a1ng v\u1ecb t\u1ef1 nhi\u00ean, b\u1ed9t ng\u1ecdt, h\u01b0\u01a1ng v\u1ecb d\u1ea7u chanh t\u1ef1 nhi\u00ean, acid citric<\/p>\n<h2>* H\u01b0\u1edbng d\u1eabn:<\/h2>\n<blockquote class=\"wp-embedded-content\" data-secret=\"UJLrjBF15n\"><p><a href=\"https:\/\/sotaynauan.com\/shop\/cach-lam-crawfish-sot-bo-toi-ngon-kho-cuong-ca-nha-deu\/\">C\u00e1ch l\u00e0m Crawfish s\u1ed1t b\u01a1 t\u1ecfi ngon kh\u00f3 c\u01b0\u1ee1ng c\u1ea3 nh\u00e0 \u0111\u1ec1u m\u00ea<\/a><\/p><\/blockquote>\n<p><iframe class=\"wp-embedded-content\" sandbox=\"allow-scripts\" security=\"restricted\" style=\"position: absolute; clip: rect(1px, 1px, 1px, 1px);\" src=\"https:\/\/sotaynauan.com\/shop\/cach-lam-crawfish-sot-bo-toi-ngon-kho-cuong-ca-nha-deu\/embed\/#?secret=UJLrjBF15n\" data-secret=\"UJLrjBF15n\" width=\"600\" height=\"338\" title=\"&#8220;C\u00e1ch l\u00e0m Crawfish s\u1ed1t b\u01a1 t\u1ecfi ngon kh\u00f3 c\u01b0\u1ee1ng c\u1ea3 nh\u00e0 \u0111\u1ec1u m\u00ea&#8221; &#8212; Shop SoTayNauAn\" frameborder=\"0\" marginwidth=\"0\" marginheight=\"0\" scrolling=\"no\"><\/iframe><\/p>\n<blockquote class=\"wp-embedded-content\" data-secret=\"FlHaLmd1TJ\"><p><a href=\"https:\/\/sotaynauan.com\/shop\/cach-nau-tom-hum-dat-crawfish-don-gian-cuc-ngon-tai-nha\/\">C\u00c1CH N\u1ea4U T\u00d4M H\u00d9M \u0110\u1ea4T CRAWFISH \u0110\u01a0N GI\u1ea2N C\u1ef0C NGON T\u1ea0I NH\u00c0<\/a><\/p><\/blockquote>\n<p><iframe class=\"wp-embedded-content\" sandbox=\"allow-scripts\" security=\"restricted\" style=\"position: absolute; clip: rect(1px, 1px, 1px, 1px);\" src=\"https:\/\/sotaynauan.com\/shop\/cach-nau-tom-hum-dat-crawfish-don-gian-cuc-ngon-tai-nha\/embed\/#?secret=FlHaLmd1TJ\" data-secret=\"FlHaLmd1TJ\" width=\"600\" height=\"338\" title=\"&#8220;C\u00c1CH N\u1ea4U T\u00d4M H\u00d9M \u0110\u1ea4T CRAWFISH \u0110\u01a0N GI\u1ea2N C\u1ef0C NGON T\u1ea0I NH\u00c0&#8221; &#8212; Shop SoTayNauAn\" frameborder=\"0\" marginwidth=\"0\" marginheight=\"0\" scrolling=\"no\"><\/iframe><\/p>\n","protected":false},"excerpt":{"rendered":"<p>B\u1ed8T T\u00d4M H\u00d9M \u0110\u1ea4T CRAWFISH 454GR \u2013 POUR &amp; BOIL POWDER &#8211; Loai b\u1ed9t chuy\u00ean d\u00f9ng \u0111\u1ec3\u00a0lu\u1ed9c, h\u1ea5p ho\u1eb7c n\u1ea5u l\u1ea9u h\u1ea3i s\u1ea3n mang \u0111\u00fang h\u01b0\u01a1ng v\u1ecb \u1ea9m th\u1ef1c v\u00f9ng Louisiana<\/p>\n","protected":false},"featured_media":122,"comment_status":"open","ping_status":"closed","template":"","meta":[],"product_cat":[12],"product_tag":[],"yoast_head":"<!-- This site is optimized with the Yoast SEO plugin v20.13 - https:\/\/yoast.com\/wordpress\/plugins\/seo\/ -->\n<title>B\u1ed9t t\u00f4m h\u00f9m \u0111\u1ea5t crawfish - Louisiana crawfish, crab and shrimps boil<\/title>\n<meta name=\"description\" content=\"S\u1ea3n ph\u1ea9m B\u1ed9t t\u00f4m h\u00f9m \u0111\u1ea5t crawfish ch\u00ednh h\u00e3ng \u0111\u01b0\u1ee3c nh\u1eadp kh\u1ea9u t\u1eeb M\u1ef9, d\u00f9ng \u0111\u1ec3 lu\u1ed9c, h\u1ea5p hay n\u1ea5u l\u1ea9u h\u1ea3i s\u1ea3n, gi\u00e1 ch\u1ec9 99k, giao h\u00e0ng to\u00e0n qu\u1ed1c.\" \/>\n<meta name=\"robots\" content=\"index, follow, max-snippet:-1, max-image-preview:large, max-video-preview:-1\" \/>\n<link rel=\"canonical\" href=\"https:\/\/sotaynauan.com\/shop\/product\/bot-tom-hum-dat-crawfish-pour-boil-powder-454gr\/\" \/>\n<meta property=\"og:locale\" content=\"en_US\" \/>\n<meta property=\"og:type\" content=\"article\" \/>\n<meta property=\"og:title\" content=\"B\u1ed9t t\u00f4m h\u00f9m \u0111\u1ea5t crawfish - Louisiana crawfish, crab and shrimps boil\" \/>\n<meta property=\"og:description\" content=\"S\u1ea3n ph\u1ea9m B\u1ed9t t\u00f4m h\u00f9m \u0111\u1ea5t crawfish ch\u00ednh h\u00e3ng \u0111\u01b0\u1ee3c nh\u1eadp kh\u1ea9u t\u1eeb M\u1ef9, d\u00f9ng \u0111\u1ec3 lu\u1ed9c, h\u1ea5p hay n\u1ea5u l\u1ea9u h\u1ea3i s\u1ea3n, gi\u00e1 ch\u1ec9 99k, giao h\u00e0ng to\u00e0n qu\u1ed1c.\" \/>\n<meta property=\"og:url\" content=\"https:\/\/sotaynauan.com\/shop\/product\/bot-tom-hum-dat-crawfish-pour-boil-powder-454gr\/\" \/>\n<meta property=\"og:site_name\" content=\"Shop SoTayNauAn\" \/>\n<meta property=\"article:publisher\" content=\"https:\/\/www.facebook.com\/sotaynauan.club\" \/>\n<meta property=\"article:modified_time\" content=\"2020-07-15T05:51:46+00:00\" \/>\n<meta property=\"og:image\" content=\"https:\/\/sotaynauan.com\/shop\/wp-content\/uploads\/2016\/10\/7a4d0630-8bbc-4532-b461-f9234ad6e77f_1.3124300944821a394889a9e92ae7b984.jpeg\" \/>\n\t<meta property=\"og:image:width\" content=\"450\" \/>\n\t<meta property=\"og:image:height\" content=\"450\" \/>\n\t<meta property=\"og:image:type\" content=\"image\/jpeg\" \/>\n<meta name=\"twitter:card\" content=\"summary_large_image\" \/>\n<meta name=\"twitter:site\" content=\"@sotaynauan\" \/>\n<meta name=\"twitter:label1\" content=\"Est. reading time\" \/>\n\t<meta name=\"twitter:data1\" content=\"1 minute\" \/>\n<script type=\"application\/ld+json\" class=\"yoast-schema-graph\">{\"@context\":\"https:\/\/schema.org\",\"@graph\":[{\"@type\":\"WebPage\",\"@id\":\"https:\/\/sotaynauan.com\/shop\/product\/bot-tom-hum-dat-crawfish-pour-boil-powder-454gr\/\",\"url\":\"https:\/\/sotaynauan.com\/shop\/product\/bot-tom-hum-dat-crawfish-pour-boil-powder-454gr\/\",\"name\":\"B\u1ed9t t\u00f4m h\u00f9m \u0111\u1ea5t crawfish - Louisiana crawfish, crab and shrimps boil\",\"isPartOf\":{\"@id\":\"https:\/\/sotaynauan.com\/shop\/#website\"},\"datePublished\":\"2016-10-14T16:34:04+00:00\",\"dateModified\":\"2020-07-15T05:51:46+00:00\",\"description\":\"S\u1ea3n ph\u1ea9m B\u1ed9t t\u00f4m h\u00f9m \u0111\u1ea5t crawfish ch\u00ednh h\u00e3ng \u0111\u01b0\u1ee3c nh\u1eadp kh\u1ea9u t\u1eeb M\u1ef9, d\u00f9ng \u0111\u1ec3 lu\u1ed9c, h\u1ea5p hay n\u1ea5u l\u1ea9u h\u1ea3i s\u1ea3n, gi\u00e1 ch\u1ec9 99k, giao h\u00e0ng to\u00e0n qu\u1ed1c.\",\"breadcrumb\":{\"@id\":\"https:\/\/sotaynauan.com\/shop\/product\/bot-tom-hum-dat-crawfish-pour-boil-powder-454gr\/#breadcrumb\"},\"inLanguage\":\"en-US\",\"potentialAction\":[{\"@type\":\"ReadAction\",\"target\":[\"https:\/\/sotaynauan.com\/shop\/product\/bot-tom-hum-dat-crawfish-pour-boil-powder-454gr\/\"]}]},{\"@type\":\"BreadcrumbList\",\"@id\":\"https:\/\/sotaynauan.com\/shop\/product\/bot-tom-hum-dat-crawfish-pour-boil-powder-454gr\/#breadcrumb\",\"itemListElement\":[{\"@type\":\"ListItem\",\"position\":1,\"name\":\"Home\",\"item\":\"https:\/\/sotaynauan.com\/shop\/\"},{\"@type\":\"ListItem\",\"position\":2,\"name\":\"Products\",\"item\":\"https:\/\/sotaynauan.com\/shop\/shop\/\"},{\"@type\":\"ListItem\",\"position\":3,\"name\":\"B\u1ed9t T\u00f4m H\u00f9m \u0110\u1ea5t Crawfish 450gr &#8211; Size l\u1edbn\"}]},{\"@type\":\"WebSite\",\"@id\":\"https:\/\/sotaynauan.com\/shop\/#website\",\"url\":\"https:\/\/sotaynauan.com\/shop\/\",\"name\":\"Shop SoTayNauAn\",\"description\":\"Nguy\u00ean li\u1ec7u, d\u1ee5ng c\u1ee5 n\u1ea5u \u0103n, \u0111\u1ed3 l\u00e0m b\u1ebfp\",\"potentialAction\":[{\"@type\":\"SearchAction\",\"target\":{\"@type\":\"EntryPoint\",\"urlTemplate\":\"https:\/\/sotaynauan.com\/shop\/?s={search_term_string}\"},\"query-input\":\"required name=search_term_string\"}],\"inLanguage\":\"en-US\"}]}<\/script>\n<!-- \/ Yoast SEO plugin. -->","yoast_head_json":{"title":"B\u1ed9t t\u00f4m h\u00f9m \u0111\u1ea5t crawfish - Louisiana crawfish, crab and shrimps boil","description":"S\u1ea3n ph\u1ea9m B\u1ed9t t\u00f4m h\u00f9m \u0111\u1ea5t crawfish ch\u00ednh h\u00e3ng \u0111\u01b0\u1ee3c nh\u1eadp kh\u1ea9u t\u1eeb M\u1ef9, d\u00f9ng \u0111\u1ec3 lu\u1ed9c, h\u1ea5p hay n\u1ea5u l\u1ea9u h\u1ea3i s\u1ea3n, gi\u00e1 ch\u1ec9 99k, giao h\u00e0ng to\u00e0n qu\u1ed1c.","robots":{"index":"index","follow":"follow","max-snippet":"max-snippet:-1","max-image-preview":"max-image-preview:large","max-video-preview":"max-video-preview:-1"},"canonical":"https:\/\/sotaynauan.com\/shop\/product\/bot-tom-hum-dat-crawfish-pour-boil-powder-454gr\/","og_locale":"en_US","og_type":"article","og_title":"B\u1ed9t t\u00f4m h\u00f9m \u0111\u1ea5t crawfish - Louisiana crawfish, crab and shrimps boil","og_description":"S\u1ea3n ph\u1ea9m B\u1ed9t t\u00f4m h\u00f9m \u0111\u1ea5t crawfish ch\u00ednh h\u00e3ng \u0111\u01b0\u1ee3c nh\u1eadp kh\u1ea9u t\u1eeb M\u1ef9, d\u00f9ng \u0111\u1ec3 lu\u1ed9c, h\u1ea5p hay n\u1ea5u l\u1ea9u h\u1ea3i s\u1ea3n, gi\u00e1 ch\u1ec9 99k, giao h\u00e0ng to\u00e0n qu\u1ed1c.","og_url":"https:\/\/sotaynauan.com\/shop\/product\/bot-tom-hum-dat-crawfish-pour-boil-powder-454gr\/","og_site_name":"Shop SoTayNauAn","article_publisher":"https:\/\/www.facebook.com\/sotaynauan.club","article_modified_time":"2020-07-15T05:51:46+00:00","og_image":[{"width":450,"height":450,"url":"https:\/\/sotaynauan.com\/shop\/wp-content\/uploads\/2016\/10\/7a4d0630-8bbc-4532-b461-f9234ad6e77f_1.3124300944821a394889a9e92ae7b984.jpeg","type":"image\/jpeg"}],"twitter_card":"summary_large_image","twitter_site":"@sotaynauan","twitter_misc":{"Est. reading time":"1 minute"},"schema":{"@context":"https:\/\/schema.org","@graph":[{"@type":"WebPage","@id":"https:\/\/sotaynauan.com\/shop\/product\/bot-tom-hum-dat-crawfish-pour-boil-powder-454gr\/","url":"https:\/\/sotaynauan.com\/shop\/product\/bot-tom-hum-dat-crawfish-pour-boil-powder-454gr\/","name":"B\u1ed9t t\u00f4m h\u00f9m \u0111\u1ea5t crawfish - Louisiana crawfish, crab and shrimps boil","isPartOf":{"@id":"https:\/\/sotaynauan.com\/shop\/#website"},"datePublished":"2016-10-14T16:34:04+00:00","dateModified":"2020-07-15T05:51:46+00:00","description":"S\u1ea3n ph\u1ea9m B\u1ed9t t\u00f4m h\u00f9m \u0111\u1ea5t crawfish ch\u00ednh h\u00e3ng \u0111\u01b0\u1ee3c nh\u1eadp kh\u1ea9u t\u1eeb M\u1ef9, d\u00f9ng \u0111\u1ec3 lu\u1ed9c, h\u1ea5p hay n\u1ea5u l\u1ea9u h\u1ea3i s\u1ea3n, gi\u00e1 ch\u1ec9 99k, giao h\u00e0ng to\u00e0n qu\u1ed1c.","breadcrumb":{"@id":"https:\/\/sotaynauan.com\/shop\/product\/bot-tom-hum-dat-crawfish-pour-boil-powder-454gr\/#breadcrumb"},"inLanguage":"en-US","potentialAction":[{"@type":"ReadAction","target":["https:\/\/sotaynauan.com\/shop\/product\/bot-tom-hum-dat-crawfish-pour-boil-powder-454gr\/"]}]},{"@type":"BreadcrumbList","@id":"https:\/\/sotaynauan.com\/shop\/product\/bot-tom-hum-dat-crawfish-pour-boil-powder-454gr\/#breadcrumb","itemListElement":[{"@type":"ListItem","position":1,"name":"Home","item":"https:\/\/sotaynauan.com\/shop\/"},{"@type":"ListItem","position":2,"name":"Products","item":"https:\/\/sotaynauan.com\/shop\/shop\/"},{"@type":"ListItem","position":3,"name":"B\u1ed9t T\u00f4m H\u00f9m \u0110\u1ea5t Crawfish 450gr &#8211; Size l\u1edbn"}]},{"@type":"WebSite","@id":"https:\/\/sotaynauan.com\/shop\/#website","url":"https:\/\/sotaynauan.com\/shop\/","name":"Shop SoTayNauAn","description":"Nguy\u00ean li\u1ec7u, d\u1ee5ng c\u1ee5 n\u1ea5u \u0103n, \u0111\u1ed3 l\u00e0m b\u1ebfp","potentialAction":[{"@type":"SearchAction","target":{"@type":"EntryPoint","urlTemplate":"https:\/\/sotaynauan.com\/shop\/?s={search_term_string}"},"query-input":"required name=search_term_string"}],"inLanguage":"en-US"}]}},"_links":{"self":[{"href":"https:\/\/sotaynauan.com\/shop\/wp-json\/wp\/v2\/product\/50"}],"collection":[{"href":"https:\/\/sotaynauan.com\/shop\/wp-json\/wp\/v2\/product"}],"about":[{"href":"https:\/\/sotaynauan.com\/shop\/wp-json\/wp\/v2\/types\/product"}],"replies":[{"embeddable":true,"href":"https:\/\/sotaynauan.com\/shop\/wp-json\/wp\/v2\/comments?post=50"}],"wp:featuredmedia":[{"embeddable":true,"href":"https:\/\/sotaynauan.com\/shop\/wp-json\/wp\/v2\/media\/122"}],"wp:attachment":[{"href":"https:\/\/sotaynauan.com\/shop\/wp-json\/wp\/v2\/media?parent=50"}],"wp:term":[{"taxonomy":"product_cat","embeddable":true,"href":"https:\/\/sotaynauan.com\/shop\/wp-json\/wp\/v2\/product_cat?post=50"},{"taxonomy":"product_tag","embeddable":true,"href":"https:\/\/sotaynauan.com\/shop\/wp-json\/wp\/v2\/product_tag?post=50"}],"curies":[{"name":"wp","href":"https:\/\/api.w.org\/{rel}","templated":true}]}}