{"id":102,"date":"2016-10-27T04:14:12","date_gmt":"2016-10-26T21:14:12","guid":{"rendered":"http:\/\/sotaynauan.com\/shop\/?post_type=product&#038;p=102"},"modified":"2020-07-15T12:51:22","modified_gmt":"2020-07-15T05:51:22","slug":"gia-vi-cajun-seasoning-louisiana-fish-fry-cajun-seasoning-227gr","status":"publish","type":"product","link":"https:\/\/sotaynauan.com\/shop\/product\/gia-vi-cajun-seasoning-louisiana-fish-fry-cajun-seasoning-227gr\/","title":{"rendered":"GIA V\u1eca CAJUN SEASONING 227GR &#8211; SIZE NH\u1ece"},"content":{"rendered":"<p>GIA V\u1eca CAJUN \u2013 CAJUN SEASONINGS (LOUISIANA FISH FRY CAJUN SEASONING 8.0 OZ)<\/p>\n<p>Xu\u1ea5t x\u1ee9: USA (M\u1ef9)<br \/>\nQuy c\u00e1ch: h\u0169 227gr<\/p>\n<p>\u2013 S\u1eed d\u1ee5ng nh\u01b0 mu\u1ed1i v\u00e0 h\u1ea1t ti\u00eau, m\u1ed9t h\u1ed7n h\u1ee3p gia v\u1ecb tr\u1ed9n s\u1eb5n v\u1eeba v\u1eb7n \u0111\u1ec3 n\u00eam n\u1ebfm v\u00e0 \u0111\u1eb7c bi\u1ec7t \u0111\u1ec3 \u01af\u1edaP \u0110\u1ed2 N\u01af\u1edaNG<\/p>\n<p>* Th\u00e0nh ph\u1ea7n:<br \/>\n\u2013 Ch\u1ea5t b\u00e9o: 0%<br \/>\n\u2013 Cholesterol: 0%<br \/>\n\u2013 Natri: 12%<br \/>\n\u2013 Carbs: 0%<br \/>\n\u2013 \u0110\u01b0\u1eddng: 0%<br \/>\n\u2013 Protein: 0%<br \/>\n\u2013 Mu\u1ed1i, gia v\u1ecb, \u1edbt, t\u1ecfi, v\u00e0 \u1edbt b\u1ed9t cayene, paprika powder,h\u00e0nh t\u00e2y, ti\u00eau tr\u1eafng, ti\u00eau \u0111en, oregano, thyme<br \/>\n\u2013 Kh\u00f4ng b\u1ed9t ng\u1ecdt ; Kh\u00f4ng gluten.<\/p>\n<p>* H\u01b0\u1edbng d\u1eabn:<br \/>\n\u2013 S\u1eed d\u1ee5ng nh\u01b0 mu\u1ed1i v\u00e0 h\u1ea1t ti\u00eau &#8211; m\u1ed9t h\u1ed7n h\u1ee3p gia v\u1ecb tr\u1ed9n s\u1eb5n v\u1eeba v\u1eb7n \u0111\u1ec3 n\u00eam v\u00e0o b\u1ea5t c\u1ee9 m\u00f3n \u0103n n\u00e0o b\u1ea1n n\u1ea5u s\u1ebd cho b\u1ea1n m\u1ed9t M\u00d3N \u0102N \u0110\u1eacM \u0110\u00c0 TH\u01a0M NGON. N\u00caM M\u00d3N SALAD TR\u1ed8N TUY\u1ec6T V\u1edcI V\u00c0 \u0110\u1eb6C BI\u1ec6T D\u00d9NG \u0110\u1ec2 \u01af\u1edaP \u0110\u1ed2 N\u01af\u1edaNG CHU\u1ea8N V\u1eca.<\/p>\n<p>* C\u00f4ng th\u1ee9c n\u1ea5u crawfish:<\/p>\n<blockquote class=\"wp-embedded-content\" data-secret=\"xabS8bGFvx\"><p><a href=\"https:\/\/sotaynauan.com\/shop\/cach-lam-crawfish-sot-bo-toi-ngon-kho-cuong-ca-nha-deu\/\">C\u00e1ch l\u00e0m Crawfish s\u1ed1t b\u01a1 t\u1ecfi ngon kh\u00f3 c\u01b0\u1ee1ng c\u1ea3 nh\u00e0 \u0111\u1ec1u m\u00ea<\/a><\/p><\/blockquote>\n<p><iframe class=\"wp-embedded-content\" sandbox=\"allow-scripts\" security=\"restricted\" style=\"position: absolute; clip: rect(1px, 1px, 1px, 1px);\" src=\"https:\/\/sotaynauan.com\/shop\/cach-lam-crawfish-sot-bo-toi-ngon-kho-cuong-ca-nha-deu\/embed\/#?secret=xabS8bGFvx\" data-secret=\"xabS8bGFvx\" width=\"600\" height=\"338\" title=\"&#8220;C\u00e1ch l\u00e0m Crawfish s\u1ed1t b\u01a1 t\u1ecfi ngon kh\u00f3 c\u01b0\u1ee1ng c\u1ea3 nh\u00e0 \u0111\u1ec1u m\u00ea&#8221; &#8212; Shop SoTayNauAn\" frameborder=\"0\" marginwidth=\"0\" marginheight=\"0\" scrolling=\"no\"><\/iframe><\/p>\n<blockquote class=\"wp-embedded-content\" data-secret=\"i50banAKo7\"><p><a href=\"https:\/\/sotaynauan.com\/shop\/cach-nau-tom-hum-dat-crawfish-don-gian-cuc-ngon-tai-nha\/\">C\u00c1CH N\u1ea4U T\u00d4M H\u00d9M \u0110\u1ea4T CRAWFISH \u0110\u01a0N GI\u1ea2N C\u1ef0C NGON T\u1ea0I NH\u00c0<\/a><\/p><\/blockquote>\n<p><iframe class=\"wp-embedded-content\" sandbox=\"allow-scripts\" security=\"restricted\" style=\"position: absolute; clip: rect(1px, 1px, 1px, 1px);\" src=\"https:\/\/sotaynauan.com\/shop\/cach-nau-tom-hum-dat-crawfish-don-gian-cuc-ngon-tai-nha\/embed\/#?secret=i50banAKo7\" data-secret=\"i50banAKo7\" width=\"600\" height=\"338\" title=\"&#8220;C\u00c1CH N\u1ea4U T\u00d4M H\u00d9M \u0110\u1ea4T CRAWFISH \u0110\u01a0N GI\u1ea2N C\u1ef0C NGON T\u1ea0I NH\u00c0&#8221; &#8212; Shop SoTayNauAn\" frameborder=\"0\" marginwidth=\"0\" marginheight=\"0\" scrolling=\"no\"><\/iframe><\/p>\n","protected":false},"excerpt":{"rendered":"<p>Gia v\u1ecb Cajun seasoning \u0111\u01b0\u1ee3c s\u1eed d\u1ee5ng nh\u01b0 mu\u1ed1i v\u00e0 h\u1ea1t ti\u00eau &#8211; m\u1ed9t h\u1ed7n h\u1ee3p gia v\u1ecb tr\u1ed9n s\u1eb5n v\u1eeba v\u1eb7n \u0111\u1ec3 n\u00eam v\u00e0o b\u1ea5t c\u1ee9 m\u00f3n \u0103n n\u00e0o b\u1ea1n n\u1ea5u s\u1ebd cho b\u1ea1n m\u1ed9t M\u00d3N \u0102N \u0110\u1eacM \u0110\u00c0 TH\u01a0M NGON. N\u00caM M\u00d3N SALAD TR\u1ed8N TUY\u1ec6T V\u1edcI V\u00c0 \u0110\u1eb6C BI\u1ec6T D\u00d9NG \u0110\u1ec2 \u01af\u1edaP \u0110\u1ed2 N\u01af\u1edaNG CHU\u1ea8N V\u1eca.<\/p>\n","protected":false},"featured_media":103,"comment_status":"open","ping_status":"closed","template":"","meta":[],"product_cat":[12],"product_tag":[],"yoast_head":"<!-- This site is optimized with the Yoast SEO plugin v20.13 - https:\/\/yoast.com\/wordpress\/plugins\/seo\/ -->\n<title>Gia v\u1ecb cajun seasoning - Louisiana fish fry cajun seasoning<\/title>\n<meta name=\"description\" content=\"S\u1ea3n ph\u1ea9m Gia v\u1ecb Cajun ch\u00ednh h\u00e3ng \u0111\u01b0\u1ee3c nh\u1eadp kh\u1ea9u t\u1eeb M\u1ef9, d\u00f9ng \u0111\u1ec3 n\u00eam n\u00eam m\u00f3n \u0103n, \u0111\u1eb7c bi\u1ec7t \u01b0\u1edbp \u0111\u1ed3 n\u01b0\u1edbng si\u00eau ngon, gi\u00e1 ch\u1ec9 73k, giao h\u00e0ng to\u00e0n qu\u1ed1c.\" \/>\n<meta name=\"robots\" content=\"index, follow, max-snippet:-1, max-image-preview:large, max-video-preview:-1\" \/>\n<link rel=\"canonical\" href=\"https:\/\/sotaynauan.com\/shop\/product\/gia-vi-cajun-seasoning-louisiana-fish-fry-cajun-seasoning-227gr\/\" \/>\n<meta property=\"og:locale\" content=\"en_US\" \/>\n<meta property=\"og:type\" content=\"article\" \/>\n<meta property=\"og:title\" content=\"Gia v\u1ecb cajun seasoning - Louisiana fish fry cajun seasoning\" \/>\n<meta property=\"og:description\" content=\"S\u1ea3n ph\u1ea9m Gia v\u1ecb Cajun ch\u00ednh h\u00e3ng \u0111\u01b0\u1ee3c nh\u1eadp kh\u1ea9u t\u1eeb M\u1ef9, d\u00f9ng \u0111\u1ec3 n\u00eam n\u00eam m\u00f3n \u0103n, \u0111\u1eb7c bi\u1ec7t \u01b0\u1edbp \u0111\u1ed3 n\u01b0\u1edbng si\u00eau ngon, gi\u00e1 ch\u1ec9 73k, giao h\u00e0ng to\u00e0n qu\u1ed1c.\" \/>\n<meta property=\"og:url\" content=\"https:\/\/sotaynauan.com\/shop\/product\/gia-vi-cajun-seasoning-louisiana-fish-fry-cajun-seasoning-227gr\/\" \/>\n<meta property=\"og:site_name\" content=\"Shop SoTayNauAn\" \/>\n<meta property=\"article:publisher\" content=\"https:\/\/www.facebook.com\/sotaynauan.club\" \/>\n<meta property=\"article:modified_time\" content=\"2020-07-15T05:51:22+00:00\" \/>\n<meta property=\"og:image\" content=\"https:\/\/sotaynauan.com\/shop\/wp-content\/uploads\/2016\/10\/gia-vi-cajun-cajun-seasonings-louisiana-fish-fry-cajun-seasoning-8-0-oz.jpg\" \/>\n\t<meta property=\"og:image:width\" content=\"370\" \/>\n\t<meta property=\"og:image:height\" content=\"495\" \/>\n\t<meta property=\"og:image:type\" content=\"image\/jpeg\" \/>\n<meta name=\"twitter:card\" content=\"summary_large_image\" \/>\n<meta name=\"twitter:site\" content=\"@sotaynauan\" \/>\n<meta name=\"twitter:label1\" content=\"Est. reading time\" \/>\n\t<meta name=\"twitter:data1\" content=\"1 minute\" \/>\n<script type=\"application\/ld+json\" class=\"yoast-schema-graph\">{\"@context\":\"https:\/\/schema.org\",\"@graph\":[{\"@type\":\"WebPage\",\"@id\":\"https:\/\/sotaynauan.com\/shop\/product\/gia-vi-cajun-seasoning-louisiana-fish-fry-cajun-seasoning-227gr\/\",\"url\":\"https:\/\/sotaynauan.com\/shop\/product\/gia-vi-cajun-seasoning-louisiana-fish-fry-cajun-seasoning-227gr\/\",\"name\":\"Gia v\u1ecb cajun seasoning - Louisiana fish fry cajun seasoning\",\"isPartOf\":{\"@id\":\"https:\/\/sotaynauan.com\/shop\/#website\"},\"datePublished\":\"2016-10-26T21:14:12+00:00\",\"dateModified\":\"2020-07-15T05:51:22+00:00\",\"description\":\"S\u1ea3n ph\u1ea9m Gia v\u1ecb Cajun ch\u00ednh h\u00e3ng \u0111\u01b0\u1ee3c nh\u1eadp kh\u1ea9u t\u1eeb M\u1ef9, d\u00f9ng \u0111\u1ec3 n\u00eam n\u00eam m\u00f3n \u0103n, \u0111\u1eb7c bi\u1ec7t \u01b0\u1edbp \u0111\u1ed3 n\u01b0\u1edbng si\u00eau ngon, gi\u00e1 ch\u1ec9 73k, giao h\u00e0ng to\u00e0n qu\u1ed1c.\",\"breadcrumb\":{\"@id\":\"https:\/\/sotaynauan.com\/shop\/product\/gia-vi-cajun-seasoning-louisiana-fish-fry-cajun-seasoning-227gr\/#breadcrumb\"},\"inLanguage\":\"en-US\",\"potentialAction\":[{\"@type\":\"ReadAction\",\"target\":[\"https:\/\/sotaynauan.com\/shop\/product\/gia-vi-cajun-seasoning-louisiana-fish-fry-cajun-seasoning-227gr\/\"]}]},{\"@type\":\"BreadcrumbList\",\"@id\":\"https:\/\/sotaynauan.com\/shop\/product\/gia-vi-cajun-seasoning-louisiana-fish-fry-cajun-seasoning-227gr\/#breadcrumb\",\"itemListElement\":[{\"@type\":\"ListItem\",\"position\":1,\"name\":\"Home\",\"item\":\"https:\/\/sotaynauan.com\/shop\/\"},{\"@type\":\"ListItem\",\"position\":2,\"name\":\"Products\",\"item\":\"https:\/\/sotaynauan.com\/shop\/shop\/\"},{\"@type\":\"ListItem\",\"position\":3,\"name\":\"GIA V\u1eca CAJUN SEASONING 227GR &#8211; SIZE NH\u1ece\"}]},{\"@type\":\"WebSite\",\"@id\":\"https:\/\/sotaynauan.com\/shop\/#website\",\"url\":\"https:\/\/sotaynauan.com\/shop\/\",\"name\":\"Shop SoTayNauAn\",\"description\":\"Nguy\u00ean li\u1ec7u, d\u1ee5ng c\u1ee5 n\u1ea5u \u0103n, \u0111\u1ed3 l\u00e0m b\u1ebfp\",\"potentialAction\":[{\"@type\":\"SearchAction\",\"target\":{\"@type\":\"EntryPoint\",\"urlTemplate\":\"https:\/\/sotaynauan.com\/shop\/?s={search_term_string}\"},\"query-input\":\"required name=search_term_string\"}],\"inLanguage\":\"en-US\"}]}<\/script>\n<!-- \/ Yoast SEO plugin. -->","yoast_head_json":{"title":"Gia v\u1ecb cajun seasoning - Louisiana fish fry cajun seasoning","description":"S\u1ea3n ph\u1ea9m Gia v\u1ecb Cajun ch\u00ednh h\u00e3ng \u0111\u01b0\u1ee3c nh\u1eadp kh\u1ea9u t\u1eeb M\u1ef9, d\u00f9ng \u0111\u1ec3 n\u00eam n\u00eam m\u00f3n \u0103n, \u0111\u1eb7c bi\u1ec7t \u01b0\u1edbp \u0111\u1ed3 n\u01b0\u1edbng si\u00eau ngon, gi\u00e1 ch\u1ec9 73k, giao h\u00e0ng to\u00e0n qu\u1ed1c.","robots":{"index":"index","follow":"follow","max-snippet":"max-snippet:-1","max-image-preview":"max-image-preview:large","max-video-preview":"max-video-preview:-1"},"canonical":"https:\/\/sotaynauan.com\/shop\/product\/gia-vi-cajun-seasoning-louisiana-fish-fry-cajun-seasoning-227gr\/","og_locale":"en_US","og_type":"article","og_title":"Gia v\u1ecb cajun seasoning - Louisiana fish fry cajun seasoning","og_description":"S\u1ea3n ph\u1ea9m Gia v\u1ecb Cajun ch\u00ednh h\u00e3ng \u0111\u01b0\u1ee3c nh\u1eadp kh\u1ea9u t\u1eeb M\u1ef9, d\u00f9ng \u0111\u1ec3 n\u00eam n\u00eam m\u00f3n \u0103n, \u0111\u1eb7c bi\u1ec7t \u01b0\u1edbp \u0111\u1ed3 n\u01b0\u1edbng si\u00eau ngon, gi\u00e1 ch\u1ec9 73k, giao h\u00e0ng to\u00e0n qu\u1ed1c.","og_url":"https:\/\/sotaynauan.com\/shop\/product\/gia-vi-cajun-seasoning-louisiana-fish-fry-cajun-seasoning-227gr\/","og_site_name":"Shop SoTayNauAn","article_publisher":"https:\/\/www.facebook.com\/sotaynauan.club","article_modified_time":"2020-07-15T05:51:22+00:00","og_image":[{"width":370,"height":495,"url":"https:\/\/sotaynauan.com\/shop\/wp-content\/uploads\/2016\/10\/gia-vi-cajun-cajun-seasonings-louisiana-fish-fry-cajun-seasoning-8-0-oz.jpg","type":"image\/jpeg"}],"twitter_card":"summary_large_image","twitter_site":"@sotaynauan","twitter_misc":{"Est. reading time":"1 minute"},"schema":{"@context":"https:\/\/schema.org","@graph":[{"@type":"WebPage","@id":"https:\/\/sotaynauan.com\/shop\/product\/gia-vi-cajun-seasoning-louisiana-fish-fry-cajun-seasoning-227gr\/","url":"https:\/\/sotaynauan.com\/shop\/product\/gia-vi-cajun-seasoning-louisiana-fish-fry-cajun-seasoning-227gr\/","name":"Gia v\u1ecb cajun seasoning - Louisiana fish fry cajun seasoning","isPartOf":{"@id":"https:\/\/sotaynauan.com\/shop\/#website"},"datePublished":"2016-10-26T21:14:12+00:00","dateModified":"2020-07-15T05:51:22+00:00","description":"S\u1ea3n ph\u1ea9m Gia v\u1ecb Cajun ch\u00ednh h\u00e3ng \u0111\u01b0\u1ee3c nh\u1eadp kh\u1ea9u t\u1eeb M\u1ef9, d\u00f9ng \u0111\u1ec3 n\u00eam n\u00eam m\u00f3n \u0103n, \u0111\u1eb7c bi\u1ec7t \u01b0\u1edbp \u0111\u1ed3 n\u01b0\u1edbng si\u00eau ngon, gi\u00e1 ch\u1ec9 73k, giao h\u00e0ng to\u00e0n qu\u1ed1c.","breadcrumb":{"@id":"https:\/\/sotaynauan.com\/shop\/product\/gia-vi-cajun-seasoning-louisiana-fish-fry-cajun-seasoning-227gr\/#breadcrumb"},"inLanguage":"en-US","potentialAction":[{"@type":"ReadAction","target":["https:\/\/sotaynauan.com\/shop\/product\/gia-vi-cajun-seasoning-louisiana-fish-fry-cajun-seasoning-227gr\/"]}]},{"@type":"BreadcrumbList","@id":"https:\/\/sotaynauan.com\/shop\/product\/gia-vi-cajun-seasoning-louisiana-fish-fry-cajun-seasoning-227gr\/#breadcrumb","itemListElement":[{"@type":"ListItem","position":1,"name":"Home","item":"https:\/\/sotaynauan.com\/shop\/"},{"@type":"ListItem","position":2,"name":"Products","item":"https:\/\/sotaynauan.com\/shop\/shop\/"},{"@type":"ListItem","position":3,"name":"GIA V\u1eca CAJUN SEASONING 227GR &#8211; SIZE NH\u1ece"}]},{"@type":"WebSite","@id":"https:\/\/sotaynauan.com\/shop\/#website","url":"https:\/\/sotaynauan.com\/shop\/","name":"Shop SoTayNauAn","description":"Nguy\u00ean li\u1ec7u, d\u1ee5ng c\u1ee5 n\u1ea5u \u0103n, \u0111\u1ed3 l\u00e0m b\u1ebfp","potentialAction":[{"@type":"SearchAction","target":{"@type":"EntryPoint","urlTemplate":"https:\/\/sotaynauan.com\/shop\/?s={search_term_string}"},"query-input":"required name=search_term_string"}],"inLanguage":"en-US"}]}},"_links":{"self":[{"href":"https:\/\/sotaynauan.com\/shop\/wp-json\/wp\/v2\/product\/102"}],"collection":[{"href":"https:\/\/sotaynauan.com\/shop\/wp-json\/wp\/v2\/product"}],"about":[{"href":"https:\/\/sotaynauan.com\/shop\/wp-json\/wp\/v2\/types\/product"}],"replies":[{"embeddable":true,"href":"https:\/\/sotaynauan.com\/shop\/wp-json\/wp\/v2\/comments?post=102"}],"wp:featuredmedia":[{"embeddable":true,"href":"https:\/\/sotaynauan.com\/shop\/wp-json\/wp\/v2\/media\/103"}],"wp:attachment":[{"href":"https:\/\/sotaynauan.com\/shop\/wp-json\/wp\/v2\/media?parent=102"}],"wp:term":[{"taxonomy":"product_cat","embeddable":true,"href":"https:\/\/sotaynauan.com\/shop\/wp-json\/wp\/v2\/product_cat?post=102"},{"taxonomy":"product_tag","embeddable":true,"href":"https:\/\/sotaynauan.com\/shop\/wp-json\/wp\/v2\/product_tag?post=102"}],"curies":[{"name":"wp","href":"https:\/\/api.w.org\/{rel}","templated":true}]}}