{"id":2,"date":"2016-10-14T16:03:50","date_gmt":"2016-10-14T09:03:50","guid":{"rendered":"http:\/\/sotaynauan.com\/shop\/?page_id=2"},"modified":"2017-12-10T10:52:17","modified_gmt":"2017-12-10T03:52:17","slug":"lien-he","status":"publish","type":"page","link":"https:\/\/sotaynauan.com\/shop\/lien-he\/","title":{"rendered":"Li\u00ean h\u1ec7 | Shop online \u1edf H\u00e0 N\u1ed9i"},"content":{"rendered":"<p>H\u00e3y like page: S\u1ed5 tay n\u1ea5u \u0103n \u0111\u1ec3 c\u00f9ng nhau chia s\u1ebb th\u00eam nhi\u1ec1u c\u00f4ng th\u1ee9c n\u1ea5u \u0103n ngon v\u00e0 c\u00e1c video n\u1ea5u \u0103n th\u00fa v\u1ecb<\/p>\n<p>https:\/\/www.facebook.com\/sotaynauan.club<\/p>\n<p>\u0110\u1ec3 c\u00f3 \u0111\u01b0\u1ee3c s\u1ef1 h\u1ed7 tr\u1ee3 tr\u1ef1c ti\u1ebfp v\u1ec1 th\u00f4ng tin c\u00e1c s\u1ea3n ph\u1ea9m c\u0169ng nh\u01b0 g\u00f3p \u00fd gi\u00fap ch\u00fang t\u00f4i c\u1ea3i thi\u1ec7n ch\u1ea5t l\u01b0\u1ee3ng ph\u1ee5c v\u1ee5, xin h\u00e3y g\u1ecdi \u0111i\u1ec7n tho\u1ea1i 0977.583.259 ho\u1eb7c g\u1eedi ph\u1ea3n h\u1ed3i theo bi\u1ec3u m\u1eabu sau. Xin ch\u00e2n th\u00e0nh c\u1ea3m \u01a1n!<\/p>\n<p>&nbsp;<\/p>\n\n<div class=\"wpcf7 no-js\" id=\"wpcf7-f72-o1\" lang=\"vi\" dir=\"ltr\">\n<div class=\"screen-reader-response\"><p role=\"status\" aria-live=\"polite\" aria-atomic=\"true\"><\/p> <ul><\/ul><\/div>\n<form action=\"\/shop\/wp-json\/wp\/v2\/pages\/2#wpcf7-f72-o1\" method=\"post\" class=\"wpcf7-form init\" aria-label=\"Form li\u00ean h\u1ec7\" novalidate=\"novalidate\" data-status=\"init\">\n<div style=\"display: none;\">\n<input type=\"hidden\" name=\"_wpcf7\" value=\"72\" \/>\n<input type=\"hidden\" name=\"_wpcf7_version\" value=\"5.8\" \/>\n<input type=\"hidden\" name=\"_wpcf7_locale\" value=\"vi\" \/>\n<input type=\"hidden\" name=\"_wpcf7_unit_tag\" value=\"wpcf7-f72-o1\" \/>\n<input type=\"hidden\" name=\"_wpcf7_container_post\" value=\"0\" \/>\n<input type=\"hidden\" name=\"_wpcf7_posted_data_hash\" value=\"\" \/>\n<\/div>\n<p><label> T\u00ean c\u1ee7a b\u1ea1n (b\u1eaft bu\u1ed9c)<br \/>\n<span class=\"wpcf7-form-control-wrap\" data-name=\"your-name\"><input size=\"40\" class=\"wpcf7-form-control wpcf7-text wpcf7-validates-as-required\" aria-required=\"true\" aria-invalid=\"false\" value=\"\" type=\"text\" name=\"your-name\" \/><\/span> <\/label>\n<\/p>\n<p><label> \u0110\u1ecba ch\u1ec9 Email (b\u1eaft bu\u1ed9c)<br \/>\n<span class=\"wpcf7-form-control-wrap\" data-name=\"your-email\"><input size=\"40\" class=\"wpcf7-form-control wpcf7-email wpcf7-validates-as-required wpcf7-text wpcf7-validates-as-email\" aria-required=\"true\" aria-invalid=\"false\" value=\"\" type=\"email\" name=\"your-email\" \/><\/span> <\/label>\n<\/p>\n<p><label> Ti\u00eau \u0111\u1ec1:<br \/>\n<span class=\"wpcf7-form-control-wrap\" data-name=\"your-subject\"><input size=\"40\" class=\"wpcf7-form-control wpcf7-text\" aria-invalid=\"false\" value=\"\" type=\"text\" name=\"your-subject\" \/><\/span> <\/label>\n<\/p>\n<p><label> Th\u00f4ng \u0111i\u1ec7p<br \/>\n<span class=\"wpcf7-form-control-wrap\" data-name=\"your-message\"><textarea cols=\"40\" rows=\"10\" class=\"wpcf7-form-control wpcf7-textarea\" aria-invalid=\"false\" name=\"your-message\"><\/textarea><\/span> <\/label>\n<\/p>\n<p><input class=\"wpcf7-form-control wpcf7-submit has-spinner\" type=\"submit\" value=\"G\u1eedi \u0111i\" \/>\n<\/p><div class=\"wpcf7-response-output\" aria-hidden=\"true\"><\/div>\n<\/form>\n<\/div>\n\n","protected":false},"excerpt":{"rendered":"<p>H\u00e3y like page: S\u1ed5 tay n\u1ea5u \u0103n \u0111\u1ec3 c\u00f9ng nhau chia s\u1ebb th\u00eam nhi\u1ec1u c\u00f4ng th\u1ee9c n\u1ea5u \u0103n ngon v\u00e0 c\u00e1c video n\u1ea5u \u0103n th\u00fa v\u1ecb https:\/\/www.facebook.com\/sotaynauan.club \u0110\u1ec3 c\u00f3 \u0111\u01b0\u1ee3c s\u1ef1 h\u1ed7 tr\u1ee3 tr\u1ef1c ti\u1ebfp v\u1ec1 th\u00f4ng tin c\u00e1c s\u1ea3n ph\u1ea9m c\u0169ng nh\u01b0 g\u00f3p \u00fd gi\u00fap ch\u00fang t\u00f4i c\u1ea3i thi\u1ec7n ch\u1ea5t l\u01b0\u1ee3ng ph\u1ee5c v\u1ee5, xin [&hellip;]<\/p>\n","protected":false},"author":1,"featured_media":0,"parent":0,"menu_order":0,"comment_status":"closed","ping_status":"closed","template":"","meta":{"footnotes":""},"yoast_head":"<!-- This site is optimized with the Yoast SEO plugin v20.13 - https:\/\/yoast.com\/wordpress\/plugins\/seo\/ -->\n<title>Li\u00ean h\u1ec7 | Shop online \u1edf H\u00e0 N\u1ed9i - Shop SoTayNauAn<\/title>\n<meta name=\"robots\" content=\"index, follow, max-snippet:-1, max-image-preview:large, max-video-preview:-1\" \/>\n<link rel=\"canonical\" href=\"https:\/\/sotaynauan.com\/shop\/lien-he\/\" \/>\n<meta property=\"og:locale\" content=\"en_US\" \/>\n<meta property=\"og:type\" content=\"article\" \/>\n<meta property=\"og:title\" content=\"Li\u00ean h\u1ec7 | Shop online \u1edf H\u00e0 N\u1ed9i - Shop SoTayNauAn\" \/>\n<meta property=\"og:description\" content=\"H\u00e3y like page: S\u1ed5 tay n\u1ea5u \u0103n \u0111\u1ec3 c\u00f9ng nhau chia s\u1ebb th\u00eam nhi\u1ec1u c\u00f4ng th\u1ee9c n\u1ea5u \u0103n ngon v\u00e0 c\u00e1c video n\u1ea5u \u0103n th\u00fa v\u1ecb https:\/\/www.facebook.com\/sotaynauan.club \u0110\u1ec3 c\u00f3 \u0111\u01b0\u1ee3c s\u1ef1 h\u1ed7 tr\u1ee3 tr\u1ef1c ti\u1ebfp v\u1ec1 th\u00f4ng tin c\u00e1c s\u1ea3n ph\u1ea9m c\u0169ng nh\u01b0 g\u00f3p \u00fd gi\u00fap ch\u00fang t\u00f4i c\u1ea3i thi\u1ec7n ch\u1ea5t l\u01b0\u1ee3ng ph\u1ee5c v\u1ee5, xin [&hellip;]\" \/>\n<meta property=\"og:url\" content=\"https:\/\/sotaynauan.com\/shop\/lien-he\/\" \/>\n<meta property=\"og:site_name\" content=\"Shop SoTayNauAn\" \/>\n<meta property=\"article:publisher\" content=\"https:\/\/www.facebook.com\/sotaynauan.club\" \/>\n<meta property=\"article:modified_time\" content=\"2017-12-10T03:52:17+00:00\" \/>\n<meta name=\"twitter:card\" content=\"summary_large_image\" \/>\n<meta name=\"twitter:site\" content=\"@sotaynauan\" \/>\n<meta name=\"twitter:label1\" content=\"Est. reading time\" \/>\n\t<meta name=\"twitter:data1\" content=\"1 minute\" \/>\n<script type=\"application\/ld+json\" class=\"yoast-schema-graph\">{\"@context\":\"https:\/\/schema.org\",\"@graph\":[{\"@type\":[\"WebPage\",\"CollectionPage\"],\"@id\":\"https:\/\/sotaynauan.com\/shop\/lien-he\/\",\"url\":\"https:\/\/sotaynauan.com\/shop\/lien-he\/\",\"name\":\"Li\u00ean h\u1ec7 | Shop online \u1edf H\u00e0 N\u1ed9i - Shop SoTayNauAn\",\"isPartOf\":{\"@id\":\"https:\/\/sotaynauan.com\/shop\/#website\"},\"datePublished\":\"2016-10-14T09:03:50+00:00\",\"dateModified\":\"2017-12-10T03:52:17+00:00\",\"breadcrumb\":{\"@id\":\"https:\/\/sotaynauan.com\/shop\/lien-he\/#breadcrumb\"},\"inLanguage\":\"en-US\"},{\"@type\":\"BreadcrumbList\",\"@id\":\"https:\/\/sotaynauan.com\/shop\/lien-he\/#breadcrumb\",\"itemListElement\":[{\"@type\":\"ListItem\",\"position\":1,\"name\":\"Home\",\"item\":\"https:\/\/sotaynauan.com\/shop\/\"},{\"@type\":\"ListItem\",\"position\":2,\"name\":\"Li\u00ean h\u1ec7 | Shop online \u1edf H\u00e0 N\u1ed9i\"}]},{\"@type\":\"WebSite\",\"@id\":\"https:\/\/sotaynauan.com\/shop\/#website\",\"url\":\"https:\/\/sotaynauan.com\/shop\/\",\"name\":\"Shop SoTayNauAn\",\"description\":\"Nguy\u00ean li\u1ec7u, d\u1ee5ng c\u1ee5 n\u1ea5u \u0103n, \u0111\u1ed3 l\u00e0m b\u1ebfp\",\"potentialAction\":[{\"@type\":\"SearchAction\",\"target\":{\"@type\":\"EntryPoint\",\"urlTemplate\":\"https:\/\/sotaynauan.com\/shop\/?s={search_term_string}\"},\"query-input\":\"required name=search_term_string\"}],\"inLanguage\":\"en-US\"}]}<\/script>\n<!-- \/ Yoast SEO plugin. -->","yoast_head_json":{"title":"Li\u00ean h\u1ec7 | Shop online \u1edf H\u00e0 N\u1ed9i - Shop SoTayNauAn","robots":{"index":"index","follow":"follow","max-snippet":"max-snippet:-1","max-image-preview":"max-image-preview:large","max-video-preview":"max-video-preview:-1"},"canonical":"https:\/\/sotaynauan.com\/shop\/lien-he\/","og_locale":"en_US","og_type":"article","og_title":"Li\u00ean h\u1ec7 | Shop online \u1edf H\u00e0 N\u1ed9i - Shop SoTayNauAn","og_description":"H\u00e3y like page: S\u1ed5 tay n\u1ea5u \u0103n \u0111\u1ec3 c\u00f9ng nhau chia s\u1ebb th\u00eam nhi\u1ec1u c\u00f4ng th\u1ee9c n\u1ea5u \u0103n ngon v\u00e0 c\u00e1c video n\u1ea5u \u0103n th\u00fa v\u1ecb https:\/\/www.facebook.com\/sotaynauan.club \u0110\u1ec3 c\u00f3 \u0111\u01b0\u1ee3c s\u1ef1 h\u1ed7 tr\u1ee3 tr\u1ef1c ti\u1ebfp v\u1ec1 th\u00f4ng tin c\u00e1c s\u1ea3n ph\u1ea9m c\u0169ng nh\u01b0 g\u00f3p \u00fd gi\u00fap ch\u00fang t\u00f4i c\u1ea3i thi\u1ec7n ch\u1ea5t l\u01b0\u1ee3ng ph\u1ee5c v\u1ee5, xin [&hellip;]","og_url":"https:\/\/sotaynauan.com\/shop\/lien-he\/","og_site_name":"Shop SoTayNauAn","article_publisher":"https:\/\/www.facebook.com\/sotaynauan.club","article_modified_time":"2017-12-10T03:52:17+00:00","twitter_card":"summary_large_image","twitter_site":"@sotaynauan","twitter_misc":{"Est. reading time":"1 minute"},"schema":{"@context":"https:\/\/schema.org","@graph":[{"@type":["WebPage","CollectionPage"],"@id":"https:\/\/sotaynauan.com\/shop\/lien-he\/","url":"https:\/\/sotaynauan.com\/shop\/lien-he\/","name":"Li\u00ean h\u1ec7 | Shop online \u1edf H\u00e0 N\u1ed9i - Shop SoTayNauAn","isPartOf":{"@id":"https:\/\/sotaynauan.com\/shop\/#website"},"datePublished":"2016-10-14T09:03:50+00:00","dateModified":"2017-12-10T03:52:17+00:00","breadcrumb":{"@id":"https:\/\/sotaynauan.com\/shop\/lien-he\/#breadcrumb"},"inLanguage":"en-US"},{"@type":"BreadcrumbList","@id":"https:\/\/sotaynauan.com\/shop\/lien-he\/#breadcrumb","itemListElement":[{"@type":"ListItem","position":1,"name":"Home","item":"https:\/\/sotaynauan.com\/shop\/"},{"@type":"ListItem","position":2,"name":"Li\u00ean h\u1ec7 | Shop online \u1edf H\u00e0 N\u1ed9i"}]},{"@type":"WebSite","@id":"https:\/\/sotaynauan.com\/shop\/#website","url":"https:\/\/sotaynauan.com\/shop\/","name":"Shop SoTayNauAn","description":"Nguy\u00ean li\u1ec7u, d\u1ee5ng c\u1ee5 n\u1ea5u \u0103n, \u0111\u1ed3 l\u00e0m b\u1ebfp","potentialAction":[{"@type":"SearchAction","target":{"@type":"EntryPoint","urlTemplate":"https:\/\/sotaynauan.com\/shop\/?s={search_term_string}"},"query-input":"required name=search_term_string"}],"inLanguage":"en-US"}]}},"_links":{"self":[{"href":"https:\/\/sotaynauan.com\/shop\/wp-json\/wp\/v2\/pages\/2"}],"collection":[{"href":"https:\/\/sotaynauan.com\/shop\/wp-json\/wp\/v2\/pages"}],"about":[{"href":"https:\/\/sotaynauan.com\/shop\/wp-json\/wp\/v2\/types\/page"}],"author":[{"embeddable":true,"href":"https:\/\/sotaynauan.com\/shop\/wp-json\/wp\/v2\/users\/1"}],"replies":[{"embeddable":true,"href":"https:\/\/sotaynauan.com\/shop\/wp-json\/wp\/v2\/comments?post=2"}],"version-history":[{"count":8,"href":"https:\/\/sotaynauan.com\/shop\/wp-json\/wp\/v2\/pages\/2\/revisions"}],"predecessor-version":[{"id":293,"href":"https:\/\/sotaynauan.com\/shop\/wp-json\/wp\/v2\/pages\/2\/revisions\/293"}],"wp:attachment":[{"href":"https:\/\/sotaynauan.com\/shop\/wp-json\/wp\/v2\/media?parent=2"}],"curies":[{"name":"wp","href":"https:\/\/api.w.org\/{rel}","templated":true}]}}